{"id":3089,"date":"2017-03-23T11:34:48","date_gmt":"2017-03-23T16:34:48","guid":{"rendered":"https:\/\/themify.me\/demo\/themes\/ultra-accountant\/?page_id=6381"},"modified":"2023-10-25T10:58:49","modified_gmt":"2023-10-25T15:58:49","slug":"servicios","status":"publish","type":"page","link":"https:\/\/star-consulting.co\/en\/servicios\/","title":{"rendered":"Our Services"},"content":{"rendered":"<div id=\"themify_builder_content-3089\" data-postid=\"3089\" class=\"themify_builder_content themify_builder_content-3089 themify_builder\">\n    \t<!-- module_row -->\n\t<div   class=\"themify_builder_row module_row clearfix repeat fullwidth module_row_0 themify_builder_3089_row module_row_3089-0 tb_pkfm275\">\n\t    <div class=\"builder_row_cover\"><\/div>\t    <div class=\"row_inner col_align_top\" >\n\t\t\t<div  class=\"module_column tb-column col-full first tb_3089_column module_column_0 module_column_3089-0-0 tb_rhz7275\">\n\t    \t    \t        <div class=\"tb-column-inner\">\n\t\t    \t<div  class=\"themify_builder_sub_row module_subrow clearfix sub_row_0-0-0 tb_5oul275\" >\n\t    \t    <div class=\"subrow_inner col_align_top\" >\n\t\t\t<div  class=\"sub_column module_column col-full first sub_column_post_3089 sub_column_0-0-0-0 tb_rz5a276\" > \n\t    \t    \t        <div class=\"tb-column-inner\">\n\t\t            <!-- module fancy heading -->\n    <div  class=\"module module-fancy-heading tb_rlb1276\">\n\t        <h3 class=\"fancy-heading tb-align-center\">\n        <span  class=\"main-head\">\n            Our Services        <\/span>\n        <span class=\"sub-head tb_hide_divider\">\n                    <\/span>\n\n        <\/h3>\n    <\/div>\n    <!-- \/module fancy heading -->\n\t        <\/div>\n\t    \t<\/div>\n\t\t    <\/div>\n\t<\/div><!-- \/themify_builder_sub_row -->\n\t\t<div  class=\"themify_builder_sub_row module_subrow clearfix sub_row_0-0-1 tb_d2tn3\">\n\t    \t    <div class=\"subrow_inner gutter-none col_align_top\"   data-basecol=\"2\" data-col_mobile=\"column-full\">\n\t\t\t<div  class=\"sub_column module_column col4-2 first sub_column_post_3089 sub_column_0-0-1-0 tb_ed4y5\" > \n\t    \t    \t        <div class=\"tb-column-inner\">\n\t\t    <!-- module text -->\n<div  class=\"module module-text tb_6hwv359  repeat\">\n            <div  class=\"tb_text_wrap\">\n    <p style=\"text-align: center;\"><strong>CONSULTOR\u00cdA <br \/><\/strong><\/p>\n<ul>\n<li>Intelligence and regulatory diagnosis.<\/li>\n<li>Assessment of regulatory risks for projects development and investment opportunities.<\/li>\n<li>Brokerage for the sale, licensing, and expansion of patents from Latin American companies to global markets.<\/li>\n<li>\n<p>Attracting investors to leverage the process of development, validation, and commercialization of new technologies in the international market.<\/p>\n<\/li>\n<\/ul>    <\/div>\n<\/div>\n<!-- \/module text -->\n\t        <\/div>\n\t    \t<\/div>\n\t\t<div  class=\"sub_column module_column col4-2 last sub_column_post_3089 sub_column_0-0-1-1 tb_i0c1189\" > \n\t    \t    \t        <div class=\"tb-column-inner\">\n\t\t    <!-- module text -->\n<div  class=\"module module-text tb_3ite784  repeat\">\n            <div  class=\"tb_text_wrap\">\n    <p style=\"text-align: center;\"><strong>REPRESENTACIONES <br \/><\/strong><\/p>\n<ul>\n<li>Direct commercial representations or through strategic allies.<\/li>\n<li>Representation of Investors.<\/li>\n<li>Management and identification of business opportunities and investment.<\/li>\n<li>Procurement of raw materials, commodities and products produced within the region.<\/li>\n<\/ul>    <\/div>\n<\/div>\n<!-- \/module text -->\n\t        <\/div>\n\t    \t<\/div>\n\t\t    <\/div>\n\t<\/div><!-- \/themify_builder_sub_row -->\n\t\t        <\/div>\n\t    \t<\/div>\n\t\t    <\/div>\n\t    <!-- \/row_inner -->\n\t<\/div>\n\t<!-- \/module_row -->\n\t\t<!-- module_row -->\n\t<div   class=\"themify_builder_row module_row clearfix accounting-services accounting-services-border module_row_1 themify_builder_3089_row module_row_3089-1 tb_e8kl220\">\n\t    \t    <div class=\"row_inner col_align_top\" >\n\t\t\t<div  class=\"module_column tb-column col-full first tb_3089_column module_column_0 module_column_3089-1-0 tb_dydm227\" >\n\t    \t    \t        <div class=\"tb-column-inner\">\n\t\t            <!-- module fancy heading -->\n    <div  class=\"module module-fancy-heading tb_yh32228\">\n\t        <h3 class=\"fancy-heading tb-align-center\">\n        <span  class=\"main-head\">\n            Profits        <\/span>\n        <span class=\"sub-head tb_hide_divider\">\n                    <\/span>\n\n        <\/h3>\n    <\/div>\n    <!-- \/module fancy heading -->\n\t<div  class=\"themify_builder_sub_row module_subrow clearfix sub_row_1-0-1 tb_uyob228\" >\n\t    \t    <div class=\"subrow_inner gutter-none col_align_top\"   data-basecol=\"2\" data-col_tablet=\"column-full\" data-col_mobile=\"column-full\">\n\t\t\t<div  class=\"sub_column module_column col4-2 first sub_column_post_3089 sub_column_1-0-1-0 tb_7wfv229\" > \n\t    \t    \t        <div class=\"tb-column-inner\">\n\t\t        <!-- module image -->\n    <div  class=\"module module-image tb_6wcg229  image-center   wow zoomIn\">\n\t                <div class=\"image-wrap\">\n                            <img decoding=\"async\" src=\"https:\/\/star-consulting.co\/wp-content\/uploads\/2022\/05\/Benificios_01-50x48.png\" width=\"50\" class=\"wp-post-image wp-image-4202\" alt=\"Facilita el ingreso al pa\u00eds de manera informada, conociendo previamente el ambiente regulatorio y las distintas variables que pueden impactar su modelo de negocio.\" srcset=\"https:\/\/star-consulting.co\/wp-content\/uploads\/2022\/05\/Benificios_01-50x48.png 50w, https:\/\/star-consulting.co\/wp-content\/uploads\/2022\/05\/Benificios_01-12x12.png 12w, https:\/\/star-consulting.co\/wp-content\/uploads\/2022\/05\/Benificios_01.png 122w\" sizes=\"(max-width: 50px) 100vw, 50px\" \/>            \n                        <\/div>\n            <!-- \/image-wrap -->\n        \n                    <div class=\"image-content\">\n                \n\t\t                    <div class=\"image-caption tb_text_wrap\">\n                        <p style=\"text-align: justify;\">Enable your entry to the country with the required information and prior knowledge regarding the regulatory environment, and the different variables that can impact your business model.<\/p>                <\/div>\n                <!-- \/image-caption -->\n                            <\/div>\n            <!-- \/image-content -->\n        \n        <\/div>\n    <!-- \/module image -->\n\t        <\/div>\n\t    \t<\/div>\n\t\t<div  class=\"sub_column module_column col4-2 last sub_column_post_3089 sub_column_1-0-1-1 tb_gweq405\" > \n\t    \t    \t        <div class=\"tb-column-inner\">\n\t\t        <!-- module image -->\n    <div  class=\"module module-image tb_z75o936  image-center   wow zoomIn animation_effect_delay_.2\">\n\t                <div class=\"image-wrap\">\n                            <img decoding=\"async\" src=\"https:\/\/star-consulting.co\/wp-content\/uploads\/2022\/05\/Benificios_02-48x50.png\" width=\"48\" class=\"wp-post-image wp-image-4204\" alt=\"Permite que empresas de la regi\u00f3n se beneficien de nuevos desarrollos tecnol\u00f3gicos generados a nivel global, y a su vez facilita que empresas latinoamericanas desarrolladoras de nuevas tecnolog\u00edas accedan a otros mercados, licenciando o transfiriendo los derechos sobre sus patentes.\" srcset=\"https:\/\/star-consulting.co\/wp-content\/uploads\/2022\/05\/Benificios_02-48x50.png 48w, https:\/\/star-consulting.co\/wp-content\/uploads\/2022\/05\/Benificios_02-12x12.png 12w, https:\/\/star-consulting.co\/wp-content\/uploads\/2022\/05\/Benificios_02.png 47w\" sizes=\"(max-width: 48px) 100vw, 48px\" \/>            \n                        <\/div>\n            <!-- \/image-wrap -->\n        \n                    <div class=\"image-content\">\n                \n\t\t                    <div class=\"image-caption tb_text_wrap\">\n                        <p style=\"text-align: justify;\">It allows companies in the region to benefit from new technological developments generated globally, and in turn, facilitates Latin American companies developing new technologies to access other markets by licensing or transferring the rights to patents.<\/p>                <\/div>\n                <!-- \/image-caption -->\n                            <\/div>\n            <!-- \/image-content -->\n        \n        <\/div>\n    <!-- \/module image -->\n\t        <\/div>\n\t    \t<\/div>\n\t\t    <\/div>\n\t<\/div><!-- \/themify_builder_sub_row -->\n\t\t<div  class=\"themify_builder_sub_row module_subrow clearfix sub_row_1-0-2 tb_lpcp967\" >\n\t    \t    <div class=\"subrow_inner gutter-none col_align_top\"   data-basecol=\"2\" data-col_tablet=\"column-full\" data-col_mobile=\"column-full\">\n\t\t\t<div  class=\"sub_column module_column col4-2 first sub_column_post_3089 sub_column_1-0-2-0 tb_h1ek969\" > \n\t    \t    \t        <div class=\"tb-column-inner\">\n\t\t        <!-- module image -->\n    <div  class=\"module module-image tb_agvv616  image-center   wow zoomIn animation_effect_delay_.4\">\n\t                <div class=\"image-wrap\">\n                            <img decoding=\"async\" src=\"https:\/\/star-consulting.co\/wp-content\/uploads\/2022\/05\/Benificios_03-37x56.png\" width=\"37\" class=\"wp-post-image wp-image-4206\" alt=\"Permite estar informado sobre los distintos procesos licitatorios de car\u00e1cter internacional tanto del sector p\u00fablico como privado.\" srcset=\"https:\/\/star-consulting.co\/wp-content\/uploads\/2022\/05\/Benificios_03-37x56.png 37w, https:\/\/star-consulting.co\/wp-content\/uploads\/2022\/05\/Benificios_03-8x12.png 8w, https:\/\/star-consulting.co\/wp-content\/uploads\/2022\/05\/Benificios_03.png 76w\" sizes=\"(max-width: 37px) 100vw, 37px\" \/>            \n                        <\/div>\n            <!-- \/image-wrap -->\n        \n                    <div class=\"image-content\">\n                \n\t\t                    <div class=\"image-caption tb_text_wrap\">\n                        <p style=\"text-align: justify;\">Allow you to have information regarding the different bidding processes, at an international level, from the public and private sector.<\/p>                <\/div>\n                <!-- \/image-caption -->\n                            <\/div>\n            <!-- \/image-content -->\n        \n        <\/div>\n    <!-- \/module image -->\n\t        <\/div>\n\t    \t<\/div>\n\t\t<div  class=\"sub_column module_column col4-2 last sub_column_post_3089 sub_column_1-0-2-1 tb_eu7t971\" > \n\t    \t    \t        <div class=\"tb-column-inner\">\n\t\t        <!-- module image -->\n    <div  class=\"module module-image tb_mktw258  image-center   wow zoomIn animation_effect_delay_.4\">\n\t                <div class=\"image-wrap\">\n                            <img decoding=\"async\" src=\"https:\/\/star-consulting.co\/wp-content\/uploads\/2022\/05\/Benificios_04-45x57.png\" width=\"45\" class=\"wp-post-image wp-image-4208\" alt=\"Facilita el acceso a un nuevo mercado para la promoci\u00f3n de sus servicios, la comercializaci\u00f3n de sus productos o la identificaci\u00f3n de oportunidades de inversi\u00f3n.\" srcset=\"https:\/\/star-consulting.co\/wp-content\/uploads\/2022\/05\/Benificios_04-45x57.png 45w, https:\/\/star-consulting.co\/wp-content\/uploads\/2022\/05\/Benificios_04-9x12.png 9w, https:\/\/star-consulting.co\/wp-content\/uploads\/2022\/05\/Benificios_04.png 75w\" sizes=\"(max-width: 45px) 100vw, 45px\" \/>            \n                        <\/div>\n            <!-- \/image-wrap -->\n        \n                    <div class=\"image-content\">\n                \n\t\t                    <div class=\"image-caption tb_text_wrap\">\n                        <p style=\"text-align: justify;\">Enable the access to a new market for the promotion of your services, marketing of your products and identification of investment opportunities.<\/p>                <\/div>\n                <!-- \/image-caption -->\n                            <\/div>\n            <!-- \/image-content -->\n        \n        <\/div>\n    <!-- \/module image -->\n\t        <\/div>\n\t    \t<\/div>\n\t\t    <\/div>\n\t<\/div><!-- \/themify_builder_sub_row -->\n\t\t        <\/div>\n\t    \t<\/div>\n\t\t    <\/div>\n\t    <!-- \/row_inner -->\n\t<\/div>\n\t<!-- \/module_row -->\n\t<\/div>\n\n<div class=\"sharing-default-minimal post-bottom\"><div class=\"nectar-social default\" data-position=\"\" data-rm-love=\"0\" data-color-override=\"override\"><div class=\"nectar-social-inner\"><a href=\"#\" class=\"nectar-love\" id=\"nectar-love-3089\" title=\"Love this\"> <i class=\"icon-salient-heart-2\"><\/i><span class=\"love-text\">Love<\/span><span class=\"total_loves\"><span class=\"nectar-love-count\">0<\/span><\/span><\/a><a class='facebook-share nectar-sharing' href='#' title='Share this'> <i class='fa fa-facebook'><\/i> <span class='social-text'>Share<\/span> <\/a><a class='twitter-share nectar-sharing' href='#' title='Tweet this'> <i class='fa fa-twitter'><\/i> <span class='social-text'>Tweet<\/span> <\/a><a class='linkedin-share nectar-sharing' href='#' title='Share this'> <i class='fa fa-linkedin'><\/i> <span class='social-text'>Share<\/span> <\/a><a class='pinterest-share nectar-sharing' href='#' title='Pin this'> <i class='fa fa-pinterest'><\/i> <span class='social-text'>Pin<\/span> <\/a><\/div><\/div><\/div>","protected":false},"excerpt":{"rendered":"<p>Servicios CONSULTOR\u00cdA Inteligencia y diagn\u00f3stico regulatorio. Evaluaci\u00f3n de riesgo regulatorio para desarrollo de proyectos y oportunidades de inversi\u00f3n. Brokeraje para la venta y licenciamiento de patentes de empresas latinoamericanas hacia los mercados globales. Consecuci\u00f3n de inversores para apalancar el proceso de desarrollo, validaci\u00f3n y comercializaci\u00f3n de nuevas tecnolog\u00edas en el mercado internacional. REPRESENTACIONES Representaciones comerciales [&hellip;]<\/p>","protected":false},"author":1,"featured_media":0,"parent":0,"menu_order":0,"comment_status":"closed","ping_status":"closed","template":"","meta":[],"builder_content":"<h3>Servicios<br\/><\/h3>\n<p style=\"text-align: center;\"><strong>CONSULTOR\u00cdA <br \/><\/strong><\/p> <ul> <li>Inteligencia y diagn\u00f3stico regulatorio.<\/li> <li>Evaluaci\u00f3n de riesgo regulatorio para desarrollo de proyectos y oportunidades de inversi\u00f3n.<\/li> <li>Brokeraje para la venta y licenciamiento de patentes de empresas latinoamericanas hacia los mercados globales.<\/li> <li> <p>Consecuci\u00f3n de inversores para apalancar el proceso de desarrollo, validaci\u00f3n y comercializaci\u00f3n de nuevas tecnolog\u00edas en el mercado internacional.<\/p> <\/li> <\/ul>\n<p style=\"text-align: center;\"><strong>REPRESENTACIONES <br \/><\/strong><\/p> <ul> <li>Representaciones comerciales de forma directa o mediante aliados estrat\u00e9gicos.<\/li> <li>Representaci\u00f3n de Inversores.<\/li> <li>Gesti\u00f3n e identificaci\u00f3n de oportunidades de negocios e inversi\u00f3n<\/li> <li>Consecuci\u00f3n de materias primas, commodities y productos generados en la regi\u00f3n.<\/li> <\/ul>\n<h3>Beneficios<br\/><\/h3>\n<img decoding=\"async\" src=\"https:\/\/star-consulting.co\/wp-content\/uploads\/2022\/05\/Benificios_01-50x48.png\" width=\"50\" alt=\"Facilita el ingreso al pa\u00eds de manera informada, conociendo previamente el ambiente regulatorio y las distintas variables que pueden impactar su modelo de negocio.\" srcset=\"https:\/\/star-consulting.co\/wp-content\/uploads\/2022\/05\/Benificios_01-50x48.png 50w, https:\/\/star-consulting.co\/wp-content\/uploads\/2022\/05\/Benificios_01-12x12.png 12w, https:\/\/star-consulting.co\/wp-content\/uploads\/2022\/05\/Benificios_01.png 122w\" sizes=\"(max-width: 50px) 100vw, 50px\" \/> <p style=\"text-align: justify;\">Facilita el ingreso al pa\u00eds de manera informada, conociendo previamente el ambiente regulatorio y las distintas variables que pueden impactar su modelo de negocio.<\/p>\n<img decoding=\"async\" src=\"https:\/\/star-consulting.co\/wp-content\/uploads\/2022\/05\/Benificios_02-48x50.png\" width=\"48\" alt=\"Permite que empresas de la regi\u00f3n se beneficien de nuevos desarrollos tecnol\u00f3gicos generados a nivel global, y a su vez facilita que empresas latinoamericanas desarrolladoras de nuevas tecnolog\u00edas accedan a otros mercados, licenciando o transfiriendo los derechos sobre sus patentes.\" srcset=\"https:\/\/star-consulting.co\/wp-content\/uploads\/2022\/05\/Benificios_02-48x50.png 48w, https:\/\/star-consulting.co\/wp-content\/uploads\/2022\/05\/Benificios_02-12x12.png 12w, https:\/\/star-consulting.co\/wp-content\/uploads\/2022\/05\/Benificios_02.png 47w\" sizes=\"(max-width: 48px) 100vw, 48px\" \/> <p style=\"text-align: justify;\">Permite que empresas de la regi\u00f3n se beneficien de nuevos desarrollos tecnol\u00f3gicos generados a nivel global, y a su vez facilita que empresas latinoamericanas desarrolladoras de nuevas tecnolog\u00edas accedan a otros mercados, licenciando o transfiriendo los derechos sobre sus patentes.<\/p>\n<img decoding=\"async\" src=\"https:\/\/star-consulting.co\/wp-content\/uploads\/2022\/05\/Benificios_03-37x56.png\" width=\"37\" alt=\"Permite estar informado sobre los distintos procesos licitatorios de car\u00e1cter internacional tanto del sector p\u00fablico como privado.\" srcset=\"https:\/\/star-consulting.co\/wp-content\/uploads\/2022\/05\/Benificios_03-37x56.png 37w, https:\/\/star-consulting.co\/wp-content\/uploads\/2022\/05\/Benificios_03-8x12.png 8w, https:\/\/star-consulting.co\/wp-content\/uploads\/2022\/05\/Benificios_03.png 76w\" sizes=\"(max-width: 37px) 100vw, 37px\" \/> <p style=\"text-align: justify;\">Permite estar informado sobre los distintos procesos licitatorios de car\u00e1cter internacional tanto del sector p\u00fablico como privado.<\/p>\n<img decoding=\"async\" src=\"https:\/\/star-consulting.co\/wp-content\/uploads\/2022\/05\/Benificios_04-45x57.png\" width=\"45\" alt=\"Facilita el acceso a un nuevo mercado para la promoci\u00f3n de sus servicios, la comercializaci\u00f3n de sus productos o la identificaci\u00f3n de oportunidades de inversi\u00f3n.\" srcset=\"https:\/\/star-consulting.co\/wp-content\/uploads\/2022\/05\/Benificios_04-45x57.png 45w, https:\/\/star-consulting.co\/wp-content\/uploads\/2022\/05\/Benificios_04-9x12.png 9w, https:\/\/star-consulting.co\/wp-content\/uploads\/2022\/05\/Benificios_04.png 75w\" sizes=\"(max-width: 45px) 100vw, 45px\" \/> <p style=\"text-align: justify;\">Facilita el acceso a un nuevo mercado para la promoci\u00f3n de sus servicios, la comercializaci\u00f3n de sus productos o la identificaci\u00f3n de oportunidades de inversi\u00f3n.<\/p>","_links":{"self":[{"href":"https:\/\/star-consulting.co\/en\/wp-json\/wp\/v2\/pages\/3089"}],"collection":[{"href":"https:\/\/star-consulting.co\/en\/wp-json\/wp\/v2\/pages"}],"about":[{"href":"https:\/\/star-consulting.co\/en\/wp-json\/wp\/v2\/types\/page"}],"author":[{"embeddable":true,"href":"https:\/\/star-consulting.co\/en\/wp-json\/wp\/v2\/users\/1"}],"replies":[{"embeddable":true,"href":"https:\/\/star-consulting.co\/en\/wp-json\/wp\/v2\/comments?post=3089"}],"version-history":[{"count":104,"href":"https:\/\/star-consulting.co\/en\/wp-json\/wp\/v2\/pages\/3089\/revisions"}],"predecessor-version":[{"id":4334,"href":"https:\/\/star-consulting.co\/en\/wp-json\/wp\/v2\/pages\/3089\/revisions\/4334"}],"wp:attachment":[{"href":"https:\/\/star-consulting.co\/en\/wp-json\/wp\/v2\/media?parent=3089"}],"curies":[{"name":"wp","href":"https:\/\/api.w.org\/{rel}","templated":true}]}}